{"id":15,"date":"2022-10-27T18:22:46","date_gmt":"2022-10-27T09:22:46","guid":{"rendered":"https:\/\/global-mediterranean.aa-ken.jp\/?page_id=15"},"modified":"2026-01-27T17:01:18","modified_gmt":"2026-01-27T08:01:18","slug":"members","status":"publish","type":"page","link":"https:\/\/global-mediterranean.aa-ken.jp\/en\/members\/","title":{"rendered":"Members"},"content":{"rendered":"<div id=\"members\">\r\n  <div class=\"inner\">\r\n    <section>\r\n\r\n      <h2>Project Leader<\/h2>\r\n\r\n      <div class=\"memberWrap\">\r\n        <div class=\"profileTxt\">\r\n          <p class=\"name\">Nobuaki KONDO<\/p>\r\n          <p class=\"com\">Nobuaki Kondo is Professor at the Research Institute for Languages and Cultures of Asia and Africa, Tokyo University of Foreign Studies. He specializes in the history of Iran and Persianate societies and has worked on Persian documents and the socio-legal history of early modern Iran. Recently, he became interested in Persian historical romances such as Hamza-nama and how these romances spread over the Persianate societies and beyond. His principal works are Islamic Law and Society in Iran (Routledge, 2017) and \u201cPersianate Storytelling and Storytellers in the 16th and 17th Centuries (in Japanese)\u201d Oriento 64-2 (2022), pp. 203\u2013215.<\/p>\r\n          <p class=\"link\">\r\n            <a href=\"https:\/\/researchmap.jp\/read0187903\" target=\"_blank\" rel=\"noopener\">researchmap<\/a>\r\n          <\/p>\r\n        <\/div>\r\n        <figure>\r\n          <img decoding=\"async\" src=\"https:\/\/global-mediterranean.aa-ken.jp\/wp-content\/themes\/mediterranean_temp\/images\/members\/kondo.jpg\" \/>\r\n        <\/figure>\r\n      <\/div>\r\n    <\/section>\r\n\r\n\r\n\r\n    <section>\r\n      <h2>Core Member<\/h2>\r\n\r\n      <div class=\"memberWrap\">\r\n        <div class=\"profileTxt\">\r\n          <p class=\"name\">Shota FUKUOKA<\/p>\r\n          <p class=\"com\">Shota Fukuoka is Professor at the National Museum of Ethnology the Graduate University of Advanced Studies. He specializes in ethnomusicology. His interest includes the relationship between mass media and music. He has been researching Sundanese music in radio broadcasts and records in Indonesia and on gramophone records of Taiwanese and Korean music under Japanese rule produced by Japanese record companies. He co-authored books (in Japanese), including Ramayana Performance in Contemporary Southeast Asia (Mekon, 2022), Popular Culture in Southeast Asia: Identity, Nation-States, Globalization (Style Note, 2018), Ethnomusicology: From 12 Perspectives (Ongaku no Tomo, 2016).<\/p>\r\n          <p class=\"link\">\r\n            <a href=\"https:\/\/researchmap.jp\/fukuoks\" target=\"_blank\" rel=\"noopener\">researchmap<\/a>\r\n          <\/p>\r\n        <\/div>\r\n        <figure>\r\n          <img decoding=\"async\" src=\"https:\/\/global-mediterranean.aa-ken.jp\/wp-content\/themes\/mediterranean_temp\/images\/members\/fukuoka.jpg\" \/>\r\n        <\/figure>\r\n      <\/div>\r\n\r\n      <div class=\"memberWrap\">\r\n        <div class=\"profileTxt\">\r\n          <p class=\"name\">Emi GOTO<\/p>\r\n          <p class=\"com\">Emi Goto is Associate Professor at the Research Institute for Languages and Cultures of Asia and Africa (ILCAA) at Tokyo University of Foreign Studies. Her interests include the contemporary understanding and practice of Islam. In recent years, she has investigated cross-cultural dialogues and gender. Her major publications include Veils for God: Women and the Islam in Contemporary Egypt (in Japanese, Chuokoron Shinsha, 2014) and Created and Contested: Norms, Traditions, and Values in Contemporary Asian Fashion (Research Institute for Languages and Cultures of Asia and Africa, Tokyo University of Foreign Studies, 2022).<\/p>\r\n          <p class=\"link\">\r\n            <a href=\"https:\/\/researchmap.jp\/emigto\" target=\"_blank\" rel=\"noopener\">researchmap<\/a>\r\n          <\/p>\r\n        <\/div>\r\n        <figure>\r\n          <img decoding=\"async\" src=\"https:\/\/global-mediterranean.aa-ken.jp\/wp-content\/themes\/mediterranean_temp\/images\/members\/goto.jpg\" \/>\r\n        <\/figure>\r\n      <\/div>\r\n\r\n      <div class=\"memberWrap\">\r\n        <div class=\"profileTxt\">\r\n          <p class=\"name\">Yui KANDA<\/p>\r\n          <p class=\"com\">Yui KANDA is Assistant Professor at the Research Institute for Languages and Cultures of Asia and Africa, Tokyo University of Foreign Studies. Her research focuses on Islamic works of art (ceramics, metalwork, and illustrated manuscripts) of the late medieval and the early modern period in the Middle East and South Asia. She is the author of \u201c\u2018If I Circumambulate around Him, I Will Be Burnt\u2019: A Brass Candlestick Endowed to the Mausoleum of Im\u0101m M\u016bs\u0101 al-K\u0101\u1e93im, Kazimayn,\u201d Iran: Journal of the British Institute of Persian Studies (forthcoming); \u201cKashan Revisited: A Luster-Painted Ceramic Tombstone Inscribed with a Chronogram Poem by Muhtasham Kashani,\u201d Muqarnas 34, 2017, pp. 273\u201386. Her current project explores the reception history of various versions of Kalilah wa Dimnah in the early modern Persianate world.<\/p>\r\n          <p class=\"link\">\r\n            <a href=\"https:\/\/researchmap.jp\/yuikanda\" target=\"_blank\" rel=\"noopener\">researchmap<\/a>\r\n          <\/p>\r\n        <\/div>\r\n        <figure>\r\n          <img decoding=\"async\" src=\"https:\/\/global-mediterranean.aa-ken.jp\/wp-content\/themes\/mediterranean_temp\/images\/members\/kanda.jpg\" \/>\r\n        <\/figure>\r\n      <\/div>\r\n\r\n      <div class=\"memberWrap\">\r\n        <div class=\"profileTxt\">\r\n          <p class=\"name\">Kota KARIYA<\/p>\r\n          <p class=\"com\">Kota Kariya is Associate Professor at the Graduate School of Arts and Sciences, the University of Tokyo. My research interests focus on the history of Islam in West Africa, especially the political and social history of the Sokoto Caliphate of the nineteenth century. Based on an analysis of Arabic and Hausa sources in particular, I examine Sokoto leaders\u2019 thoughts and the politics and society of the Caliphate. My recent works include  \u201cA Treatise on Zin\u0101 in the Early Sokoto Caliphate: Mu\u1e25ammad Bello\u2019s al-Qawl al-Marham,\u201d Journal of Asian and African Studies 101, 2021, pp. 5\u201317; \u201cFree Choice Theory and the Justification of Enslavement in the Early Sokoto Caliphate,\u201d Islamic Africa, 11 (1), 2020, pp. 1\u201341; \u201cA Letter from Mu\u1e25ammad al-Am\u012bn al-K\u0101nem\u012b to a Fulani Muslim Community in Bornu,\u201d Journal of Asian and African Studies 99, 2020, pp. 77\u201387.<\/p>\r\n          <p class=\"link\">\r\n            <a href=\"https:\/\/researchmap.jp\/7000000821\" target=\"_blank\" rel=\"noopener\">researchmap<\/a>\r\n          <\/p>\r\n        <\/div>\r\n        <figure>\r\n          <img decoding=\"async\" src=\"https:\/\/global-mediterranean.aa-ken.jp\/wp-content\/themes\/mediterranean_temp\/images\/members\/kariya.jpg\" \/>\r\n        <\/figure>\r\n      <\/div>\r\n\r\n      <div class=\"memberWrap\">\r\n        <div class=\"profileTxt\">\r\n          <p class=\"name\">Tatsuya NAKANISHI<\/p>\r\n          <p class=\"com\">Tatsuya Nakanishi is Associate Professor of Institute for Research in Humanities, Kyoto University, Japan. He has studied Hui Muslims\u2019 (Chinese-speaking Muslims) intellectual activities by investigating Chinese, Arabic, and Persian historical sources. Particularly, he has explored how the Hui scholars have negotiated their religious belief and practice with non-Muslim Chinese people. Presently, he is grappling with how, in such negotiations, the Hui scholars responded to new Islamic ideas, such as thoughts of Ibn \u02bfArab\u012b, Ibn Taymiyya, A\u1e25mad Sirhind\u012b, and their proponents, from various regions of the Muslim world after the 19th century. His main publications include a Japanese monograph, Ch\u016bka to taiwa suru isur\u0101mu: 17-19 seiki ch\u016bgoku musurimu no sis\u014dteki eii (Isl\u0101m in Dialogue with Chinese Civilization: Intellectual Activities of Chinese Muslims during the 17th-19th Centuries) (Kyoto University Press, 2013). <\/p>\r\n          <p class=\"link\">\r\n            <a href=\"https:\/\/researchmap.jp\/read0095156\" target=\"_blank\" rel=\"noopener\">researchmap<\/a>\r\n          <\/p>\r\n        <\/div>\r\n        <figure>\r\n          <img decoding=\"async\" src=\"https:\/\/global-mediterranean.aa-ken.jp\/wp-content\/themes\/mediterranean_temp\/images\/members\/nakanishi.jpg\" \/>\r\n        <\/figure>\r\n      <\/div>\r\n\r\n      <div class=\"memberWrap\">\r\n        <div class=\"profileTxt\">\r\n          <p class=\"name\">Jin NODA<\/p>\r\n          <p class=\"com\">Jin Noda is currently Professor at Research Institute for Languages and Cultures of Asia and Africa (ILCAA), Tokyo University of Foreign Studies. He works on the history of Kazakhstan and Russo-Qing relations as well as modern Japanese views on the Islamic world. His publications include: The Kazakh Khanates between the Russian and Qing Empires: Central Eurasian International Relations during the Eighteenth and Nineteenth Centuries (Brill, 2016); (Co-editor) Emigrants\/Muhacir from Xinjiang to Middle East during 1940\u201360s (Research Institute for Languages and Cultures of Asia and Africa, Tokyo University of Foreign Studies, 2019).<\/p>\r\n          <p class=\"link\">\r\n            <a href=\"https:\/\/researchmap.jp\/read0135901\" target=\"_blank\" rel=\"noopener\">researchmap<\/a>\r\n          <\/p>\r\n        <\/div>\r\n        <figure>\r\n          <img decoding=\"async\" src=\"https:\/\/global-mediterranean.aa-ken.jp\/wp-content\/themes\/mediterranean_temp\/images\/members\/noda.jpg\" \/>\r\n        <\/figure>\r\n      <\/div>\r\n\r\n      <div class=\"memberWrap\">\r\n        <div class=\"profileTxt\">\r\n          <p class=\"name\">Satoshi OGURA<\/p>\r\n          <p class=\"com\">Satoshi Ogura is Associate professor at the Research Institute for Languages and Cultures of Asia and Africa, Tokyo University of Foreign Studies. His research interests are the history of late medieval Kashmir (Second Lohara dynasty, Sh\u0101hm\u012br and Chak sultanates) and translation projects from Sanskrit into Persian at the Mughal court. He is currently working on editions of the Persian translations of the R\u0101jatara\u1e45gi\u1e47\u012b of Jonar\u0101ja and the Yogav\u0101si\u1e63\u1e6dha made at Akbar\u2019s court. His publications include \u201cIncompatible Outsiders or Believers of a Dar\u015bana?: Representations of Muslims by Three Brahmans of \u0160\u0101hm\u012brid Ka\u0161m\u012br,\u201d Rivista degli Studi Orientali  88 (1-4), 2016, pp. 179\u2013214; \u201cIn This Corner of the Entangled Cosmopolises: Political Legitimacies in the Multilingual Society of Sultanate and Early Mughal Kashmir,\u201d Journal of Persianate Studies 12 (2), 2019, pp. 237\u2013260 etc.<\/p>\r\n          <p class=\"link\">\r\n            <a href=\"https:\/\/researchmap.jp\/Satoshi_Ogura\" target=\"_blank\" rel=\"noopener\">researchmap<\/a>\r\n          <\/p>\r\n        <\/div>\r\n        <figure>\r\n          <img decoding=\"async\" src=\"https:\/\/global-mediterranean.aa-ken.jp\/wp-content\/themes\/mediterranean_temp\/images\/members\/ogura.jpg\" \/>\r\n        <\/figure>\r\n      <\/div>\r\n\r\n      <div class=\"memberWrap\">\r\n        <div class=\"profileTxt\">\r\n          <p class=\"name\">Hiroki OKAZAKI<\/p>\r\n          <p class=\"com\">Hiroki Okazaki is Associate Professor of faculty of International Relations at Asia University. He specializes in modern Arab political thought and contemporary Syrian cultural studies, focusing on the intellectual history of self-criticism by Arab thinkers since the 19th century, as well as Syrian thought, literature, and documentary films since 1967. He is the author of The Arab Critique of Despotism in the Modern Age: Between Orientalism and \u201cOrientalism in Reverse\u201d(University of Tokyo Press, 2021), and the Japanese translator of Outside and Inside the Syrian Prison by Yasin al-Haj Saleh (Misuzu Shobo, 2020).<\/p>\r\n          <p class=\"link\">\r\n            <a href=\"https:\/\/researchmap.jp\/hiroki75\" target=\"_blank\" rel=\"noopener\">researchmap<\/a>\r\n          <\/p>\r\n        <\/div>\r\n        <figure>\r\n          <img decoding=\"async\" src=\"https:\/\/global-mediterranean.aa-ken.jp\/wp-content\/themes\/mediterranean_temp\/images\/members\/okazaki.jpg\" \/>\r\n        <\/figure>\r\n      <\/div>\r\n\r\n      <div class=\"memberWrap\">\r\n        <div class=\"profileTxt\">\r\n          <p class=\"name\">Nobuhiro OTA<\/p>\r\n          <p class=\"com\">Nobuhiro Ota is Professor of South Asian history at the Research Institute for Languages and Cultures of Asia and Africa, Tokyo University of Foreign Studies. His main area of research interest is the relationship between political power and culture in the Kannada-speaking area of South India during the early modern and the colonial periods. His research themes include the influence of Muslim cultures on the vernacular literature and cultures of Hindu-dominated South India. He edited Gatheredness and connectedness in pre-modern South Asian society (in Japanese, Research Institute for Languages and Cultures of Asia and Africa, Tokyo University of Foreign Studies, 2017). He has also published an article, \u201cWho built \u2018the city of victory\u2019? Representation of a \u2018Hindu\u2019 capital in an \u2018Islamicate\u2019 world,\u201d in Crispin Bates and Minoru Mio eds., Cities in South Asia (Routledge, 2015), pp. 27\u201344.<\/p>\r\n          <p class=\"link\">\r\n            <a href=\"https:\/\/researchmap.jp\/read0212476\" target=\"_blank\" rel=\"noopener\">researchmap<\/a>\r\n          <\/p>\r\n        <\/div>\r\n        <figure>\r\n          <img decoding=\"async\" src=\"https:\/\/global-mediterranean.aa-ken.jp\/wp-content\/themes\/mediterranean_temp\/images\/members\/ota.jpg\" \/>\r\n        <\/figure>\r\n      <\/div>\r\n\r\n      <div class=\"memberWrap\">\r\n        <div class=\"profileTxt\">\r\n          <p class=\"name\">Osamu OTSUKA<\/p>\r\n          <p class=\"com\">Osamu Otsuka is Associate Professor at the Graduate School of Arts and Sciences, The University of Tokyo. His research interests focus on history of the Middle East and Islamic manuscripts. His publications include The Transformation of the General Histories in Persianate Societies (in Japanese, The University of Nagoya Press, 2017). He has also published an article, \u201cQ\u0101sh\u0101n\u012b, the First World Historian: Research on His Uninvestigated Persian General History, Zubdat al-Taw\u0101r\u012bkh,\u201d Studia Iranica, 47\/1, 2018, pp. 119\u2013149.<\/p>\r\n          <p class=\"link\">\r\n            <a href=\"https:\/\/researchmap.jp\/036\" target=\"_blank\" rel=\"noopener\">researchmap<\/a>\r\n          <\/p>\r\n        <\/div>\r\n        <figure>\r\n          <img decoding=\"async\" src=\"https:\/\/global-mediterranean.aa-ken.jp\/wp-content\/themes\/mediterranean_temp\/images\/members\/otsuka.jpg\" \/>\r\n        <\/figure>\r\n      <\/div>\r\n\r\n      <div class=\"memberWrap\">\r\n        <div class=\"profileTxt\">\r\n          <p class=\"name\">Kaori OTSUYA<\/p>\r\n          <p class=\"com\">Kaori Otsuya is Project Assistant Professor at the Research Institute for Languages and Cultures of Asia and Africa, Tokyo University of Foreign Studies. She has worked on activities of the religious elite and historiographical practices in the late medieval Hijaz. Her new project is about (1) the circulation and reception of Arabic manuscripts on the history of Mecca and Medina, especially in the early modern Persianate world and the Ottoman Empire, (2) translations of local histories of the Hijaz into Persian and Ottoman Turkish, and (3) historiographical practices in the Ottoman Hijaz. Her publications include \u201cM\u0101lik\u012b Imams of the Sacred Mosque and Pilgrims from Takr\u016br.\u201d <em>Chroniques du manuscrit au Y\u00e9men<\/em> 25 (2018): 53\u201372; \u201cMarriages of Meccan Scholarly Families in 650\u2013850\/1252\u20131446.\u201d <em>Orient: Journal of the Society for Near Eastern Studies in Japan<\/em> 54 (2019): 105\u2013125; \u201cAb\u016b Mu\u1e25ammad \u02bfAbd All\u0101h b. Mu\u1e25ammad b. Far\u1e25\u016bn\u2019s History of Medina.\u201d <em>Proceedings of the Sixth Conference of School of Mamluk Studies<\/em>. Leiden: Brill, forthcoming.<\/p>\r\n          <p class=\"link\">\r\n            <a href=\"https:\/\/researchmap.jp\/kaoriotsuya\" target=\"_blank\" rel=\"noopener\">researchmap<\/a>\r\n          <\/p>\r\n        <\/div>\r\n        <figure>\r\n          <img decoding=\"async\" src=\"https:\/\/global-mediterranean.aa-ken.jp\/wp-content\/themes\/mediterranean_temp\/images\/members\/otsuya.jpg\" \/>\r\n        <\/figure>\r\n      <\/div>\r\n\r\n      <div class=\"memberWrap\">\r\n        <div class=\"profileTxt\">\r\n          <p class=\"name\">Hiroki SAKAI<\/p>\r\n          <p class=\"com\">Hiroki SAKAI is Professor at Wako University. He specializes in Central Eurasian cultural history and Turkic oral literature. His research focuses on the heroic epics of the Turkic peoples of Central Asia. His major publications include Ural Batyr (Heibonsha Toyo Bunko, 2011); Alpamys Batyr (Heibonsha Toyo Bunko, 2015); \u201cHeroic Lore of the Turks,\u201d \u201c&#8217;Chora Batyr&#8217; of Central Eurasia,\u201d in  Ogihara, Mako and Akira Fukuda, eds., Heroic Epic (Miyai Shoten, 2018); \u201cTurkic Heroic epic tale Er Toshtuk and Japanese Mythology,\u201d \u00abSi est tens a fester\u00bb: Hommage \u00e0 Philippe Walter, edited by K\u00f4ji Watanabe, CEMT Editions (Tokyo), 2022.<\/p>\r\n        <\/div>\r\n        <figure>\r\n          <img decoding=\"async\" src=\"https:\/\/global-mediterranean.aa-ken.jp\/wp-content\/themes\/mediterranean_temp\/images\/members\/sakai.jpg\" \/>\r\n        <\/figure>\r\n      <\/div>\r\n\r\n      <div class=\"memberWrap\">\r\n        <div class=\"profileTxt\">\r\n          <p class=\"name\">Yuriko YAMANAKA<\/p>\r\n          <p class=\"com\">Yuriko Yamanaka is Professor at the National Museum of Ethnology and the Graduate University of Advanced Studies. She received her PhD from the University of Tokyo in Comparative Literature and Culture. For her book Allegoresis of Alexander: from Antiquity to Mediaeval Islam (Nagoya University Press, 2009) she has been awarded the Japan Academy Medal (2011). She has also edited The Arabian Nights and Orientalism: Perspectives from East and West (I.B. Tauris, 2006), and Cultural History of Marvels in Europe and the Middle East (Nagoya University Press, 2015). She is the principal investigator of a JSPS Grant-in-Aid project \u201cThe Natural and the Supernatural in Comparative Perspective\u201d, the result of which was a Special Exhibition \u201cREGNUM IMAGINARIUM: Realm of the Marvelous and Uncanny\u201d held at the National Museum of Ethnology in 2019.<\/p>\r\n          <p class=\"link\">\r\n            <a href=\"https:\/\/researchmap.jp\/read0060661\" target=\"_blank\" rel=\"noopener\">researchmap<\/a>\r\n          <\/p>\r\n        <\/div>\r\n        <figure>\r\n          <img decoding=\"async\" src=\"https:\/\/global-mediterranean.aa-ken.jp\/wp-content\/themes\/mediterranean_temp\/images\/members\/yamanaka.jpg\" \/>\r\n        <\/figure>\r\n      <\/div>\r\n    <\/section>\r\n\r\n\r\n\r\n    <section>\r\n      <h2>Research Collaborator<\/h2>\r\n\r\n      <ul class=\"disc\">\r\n        <li>Sacha ALSANCAKLI <span class=\"belong\">(Research Institute for Languages and Cultures of Asia and Africa, Tokyo University of Foreign Studies)<\/span><\/li>\r\n        <li>Peter GOOD <span class=\"belong\">(University of Bergen)<\/span><\/li>\r\n        <li>Kazue HOSODA<span class=\"belong\"> (Research Institute for Languages and Cultures of Asia and Africa, Tokyo University of Foreign Studies)<\/span><\/li>\r\n        <li>Nicholas MANGIALARDI<span class=\"belong\"> (Williams College)<\/span><\/li>\r\n        <li>Ryo MIZUKAMI <span class=\"belong\">(Faculty of Humanities, Japan Women&#8217;s University)<\/span><\/li>\r\n        <li>Zahra MOHARRAMIPOUR <span class=\"belong\">(International Research Center for Japanese Studies)<\/span><\/li>\r\n        <li>Pegah SHAHBAZ<span class=\"belong\"> (University of Toronto)<\/span><\/li>\r\n        <li>Kumiko YAMAMOTO <span class=\"belong\">(Research Institute for Languages and Cultures of Asia and Africa, Tokyo University of Foreign Studies)<\/span><\/li>\r\n      <\/ul>\r\n    <\/section>\r\n  <\/div>\r\n<\/div>","protected":false},"excerpt":{"rendered":"<p>Project Leader Nobuaki KONDO Nobuaki Kondo is Professor at the Research Institute for Languages and Cultures o&#8230;<\/p>\n","protected":false},"author":1,"featured_media":0,"parent":0,"menu_order":20,"comment_status":"closed","ping_status":"closed","template":"","meta":{"_acf_changed":false,"footnotes":""},"class_list":["post-15","page","type-page","status-publish","hentry"],"acf":[],"publishpress_future_action":{"enabled":false,"date":"2026-04-18 19:55:57","action":"change-status","newStatus":"draft","terms":[],"taxonomy":"","extraData":[]},"publishpress_future_workflow_manual_trigger":{"enabledWorkflows":[]},"_links":{"self":[{"href":"https:\/\/global-mediterranean.aa-ken.jp\/en\/wp-json\/wp\/v2\/pages\/15","targetHints":{"allow":["GET"]}}],"collection":[{"href":"https:\/\/global-mediterranean.aa-ken.jp\/en\/wp-json\/wp\/v2\/pages"}],"about":[{"href":"https:\/\/global-mediterranean.aa-ken.jp\/en\/wp-json\/wp\/v2\/types\/page"}],"author":[{"embeddable":true,"href":"https:\/\/global-mediterranean.aa-ken.jp\/en\/wp-json\/wp\/v2\/users\/1"}],"replies":[{"embeddable":true,"href":"https:\/\/global-mediterranean.aa-ken.jp\/en\/wp-json\/wp\/v2\/comments?post=15"}],"version-history":[{"count":25,"href":"https:\/\/global-mediterranean.aa-ken.jp\/en\/wp-json\/wp\/v2\/pages\/15\/revisions"}],"predecessor-version":[{"id":319,"href":"https:\/\/global-mediterranean.aa-ken.jp\/en\/wp-json\/wp\/v2\/pages\/15\/revisions\/319"}],"wp:attachment":[{"href":"https:\/\/global-mediterranean.aa-ken.jp\/en\/wp-json\/wp\/v2\/media?parent=15"}],"curies":[{"name":"wp","href":"https:\/\/api.w.org\/{rel}","templated":true}]}} 